{"id":2020,"date":"2019-04-04T11:15:26","date_gmt":"2019-04-04T09:15:26","guid":{"rendered":"https:\/\/hyseco.ch\/senioritatsnachrichten\/"},"modified":"2022-09-27T13:06:51","modified_gmt":"2022-09-27T11:06:51","slug":"senioritatsnachrichten","status":"publish","type":"page","link":"https:\/\/hyseco.ch\/de\/senioritatsnachrichten\/","title":{"rendered":"Seniorit\u00e4tsnachrichten"},"content":{"rendered":"<p>[et_pb_section fb_built=&#8220;1&#8243; admin_label=&#8220;section&#8220; _builder_version=&#8220;4.16&#8243; global_colors_info=&#8220;{}&#8220;][et_pb_row admin_label=&#8220;row&#8220; _builder_version=&#8220;4.16&#8243; background_size=&#8220;initial&#8220; background_position=&#8220;top_left&#8220; background_repeat=&#8220;repeat&#8220; global_colors_info=&#8220;{}&#8220;][et_pb_column type=&#8220;4_4&#8243; _builder_version=&#8220;4.16&#8243; custom_padding=&#8220;|||&#8220; global_colors_info=&#8220;{}&#8220; custom_padding__hover=&#8220;|||&#8220;][et_pb_text admin_label=&#8220;Texte&#8220; _builder_version=&#8220;4.16&#8243; background_size=&#8220;initial&#8220; background_position=&#8220;top_left&#8220; background_repeat=&#8220;repeat&#8220; use_border_color=&#8220;off&#8220; border_color=&#8220;#ffffff&#8220; border_style=&#8220;solid&#8220; global_colors_info=&#8220;{}&#8220;]<\/p>\n<h1>Seniorit\u00e4tsnachrichten<\/h1>\n<p>[\/et_pb_text][\/et_pb_column][\/et_pb_row][et_pb_row admin_label=&#8220;Ligne&#8220; _builder_version=&#8220;4.16&#8243; background_size=&#8220;initial&#8220; background_position=&#8220;top_left&#8220; background_repeat=&#8220;repeat&#8220; global_colors_info=&#8220;{}&#8220; column_structure=&#8220;3_4,1_4&#8243;][et_pb_column type=&#8220;3_4&#8243; _builder_version=&#8220;4.16&#8243; custom_padding=&#8220;|||&#8220; global_colors_info=&#8220;{}&#8220; custom_padding__hover=&#8220;|||&#8220;][et_pb_blog fullwidth=&#8220;off&#8220; include_categories=&#8220;29,30,16,25&#8243; show_more=&#8220;on&#8220; show_author=&#8220;off&#8220; show_date=&#8220;off&#8220; show_categories=&#8220;off&#8220; admin_label=&#8220;Blog&#8220; _builder_version=&#8220;4.16&#8243; use_border_color=&#8220;off&#8220; border_color=&#8220;#ffffff&#8220; border_style=&#8220;solid&#8220; use_dropshadow=&#8220;off&#8220; global_colors_info=&#8220;{}&#8220;][\/et_pb_blog][\/et_pb_column][et_pb_column type=&#8220;1_4&#8243; _builder_version=&#8220;4.16&#8243; custom_padding=&#8220;|||&#8220; global_colors_info=&#8220;{}&#8220; custom_padding__hover=&#8220;|||&#8220;][et_pb_sidebar area=&#8220;sidebar-1&#8243; admin_label=&#8220;Barre lat\u00e9rale&#8220; _builder_version=&#8220;4.16&#8243; remove_border=&#8220;off&#8220; global_colors_info=&#8220;{}&#8220;][\/et_pb_sidebar][\/et_pb_column][\/et_pb_row][\/et_pb_section]<\/p>\n","protected":false},"excerpt":{"rendered":"<p>Seniorit\u00e4tsnachrichten<\/p>\n","protected":false},"author":1,"featured_media":0,"parent":0,"menu_order":0,"comment_status":"closed","ping_status":"closed","template":"","meta":{"_et_pb_use_builder":"on","_et_pb_old_content":"","_et_gb_content_width":""},"yoast_head":"<!-- This site is optimized with the Yoast SEO plugin v20.10 - https:\/\/yoast.com\/wordpress\/plugins\/seo\/ -->\n<title>Heimberatung - Senioren, Autonomie der \u00c4lteren<\/title>\n<meta name=\"description\" content=\"Entdecken Sie unsere Tipps und Neuigkeiten zu Senioren in der Schweiz. Auf dem Weg zu mehr Autonomie \u00e4lterer Menschen f\u00fcr die Unterst\u00fctzung zu Hause.\" \/>\n<meta name=\"robots\" content=\"index, follow, max-snippet:-1, max-image-preview:large, max-video-preview:-1\" \/>\n<link rel=\"canonical\" href=\"https:\/\/hyseco.ch\/de\/senioritatsnachrichten\/\" \/>\n<meta property=\"og:locale\" content=\"de_DE\" \/>\n<meta property=\"og:type\" content=\"article\" \/>\n<meta property=\"og:title\" content=\"Heimberatung - Senioren, Autonomie der \u00c4lteren\" \/>\n<meta property=\"og:description\" content=\"Entdecken Sie unsere Tipps und Neuigkeiten zu Senioren in der Schweiz. Auf dem Weg zu mehr Autonomie \u00e4lterer Menschen f\u00fcr die Unterst\u00fctzung zu Hause.\" \/>\n<meta property=\"og:url\" content=\"https:\/\/hyseco.ch\/de\/senioritatsnachrichten\/\" \/>\n<meta property=\"og:site_name\" content=\"Hyseco\" \/>\n<meta property=\"article:modified_time\" content=\"2022-09-27T11:06:51+00:00\" \/>\n<meta name=\"twitter:card\" content=\"summary_large_image\" \/>\n<meta name=\"twitter:label1\" content=\"Gesch\u00e4tzte Lesezeit\" \/>\n\t<meta name=\"twitter:data1\" content=\"1\u00a0Minute\" \/>\n<script type=\"application\/ld+json\" class=\"yoast-schema-graph\">{\"@context\":\"https:\/\/schema.org\",\"@graph\":[{\"@type\":\"WebPage\",\"@id\":\"https:\/\/hyseco.ch\/de\/senioritatsnachrichten\/\",\"url\":\"https:\/\/hyseco.ch\/de\/senioritatsnachrichten\/\",\"name\":\"Heimberatung - Senioren, Autonomie der \u00c4lteren\",\"isPartOf\":{\"@id\":\"https:\/\/hyseco.ch\/#website\"},\"datePublished\":\"2019-04-04T09:15:26+00:00\",\"dateModified\":\"2022-09-27T11:06:51+00:00\",\"description\":\"Entdecken Sie unsere Tipps und Neuigkeiten zu Senioren in der Schweiz. Auf dem Weg zu mehr Autonomie \u00e4lterer Menschen f\u00fcr die Unterst\u00fctzung zu Hause.\",\"breadcrumb\":{\"@id\":\"https:\/\/hyseco.ch\/de\/senioritatsnachrichten\/#breadcrumb\"},\"inLanguage\":\"de\",\"potentialAction\":[{\"@type\":\"ReadAction\",\"target\":[\"https:\/\/hyseco.ch\/de\/senioritatsnachrichten\/\"]}]},{\"@type\":\"BreadcrumbList\",\"@id\":\"https:\/\/hyseco.ch\/de\/senioritatsnachrichten\/#breadcrumb\",\"itemListElement\":[{\"@type\":\"ListItem\",\"position\":1,\"name\":\"Accueil\",\"item\":\"https:\/\/hyseco.ch\/\"},{\"@type\":\"ListItem\",\"position\":2,\"name\":\"Seniorit\u00e4tsnachrichten\"}]},{\"@type\":\"WebSite\",\"@id\":\"https:\/\/hyseco.ch\/#website\",\"url\":\"https:\/\/hyseco.ch\/\",\"name\":\"Hyseco\",\"description\":\"Baignoire, douche, r\u00e9novation salle de bains\",\"potentialAction\":[{\"@type\":\"SearchAction\",\"target\":{\"@type\":\"EntryPoint\",\"urlTemplate\":\"https:\/\/hyseco.ch\/?s={search_term_string}\"},\"query-input\":\"required name=search_term_string\"}],\"inLanguage\":\"de\"}]}<\/script>\n<!-- \/ Yoast SEO plugin. -->","yoast_head_json":{"title":"Heimberatung - Senioren, Autonomie der \u00c4lteren","description":"Entdecken Sie unsere Tipps und Neuigkeiten zu Senioren in der Schweiz. Auf dem Weg zu mehr Autonomie \u00e4lterer Menschen f\u00fcr die Unterst\u00fctzung zu Hause.","robots":{"index":"index","follow":"follow","max-snippet":"max-snippet:-1","max-image-preview":"max-image-preview:large","max-video-preview":"max-video-preview:-1"},"canonical":"https:\/\/hyseco.ch\/de\/senioritatsnachrichten\/","og_locale":"de_DE","og_type":"article","og_title":"Heimberatung - Senioren, Autonomie der \u00c4lteren","og_description":"Entdecken Sie unsere Tipps und Neuigkeiten zu Senioren in der Schweiz. Auf dem Weg zu mehr Autonomie \u00e4lterer Menschen f\u00fcr die Unterst\u00fctzung zu Hause.","og_url":"https:\/\/hyseco.ch\/de\/senioritatsnachrichten\/","og_site_name":"Hyseco","article_modified_time":"2022-09-27T11:06:51+00:00","twitter_card":"summary_large_image","twitter_misc":{"Gesch\u00e4tzte Lesezeit":"1\u00a0Minute"},"schema":{"@context":"https:\/\/schema.org","@graph":[{"@type":"WebPage","@id":"https:\/\/hyseco.ch\/de\/senioritatsnachrichten\/","url":"https:\/\/hyseco.ch\/de\/senioritatsnachrichten\/","name":"Heimberatung - Senioren, Autonomie der \u00c4lteren","isPartOf":{"@id":"https:\/\/hyseco.ch\/#website"},"datePublished":"2019-04-04T09:15:26+00:00","dateModified":"2022-09-27T11:06:51+00:00","description":"Entdecken Sie unsere Tipps und Neuigkeiten zu Senioren in der Schweiz. Auf dem Weg zu mehr Autonomie \u00e4lterer Menschen f\u00fcr die Unterst\u00fctzung zu Hause.","breadcrumb":{"@id":"https:\/\/hyseco.ch\/de\/senioritatsnachrichten\/#breadcrumb"},"inLanguage":"de","potentialAction":[{"@type":"ReadAction","target":["https:\/\/hyseco.ch\/de\/senioritatsnachrichten\/"]}]},{"@type":"BreadcrumbList","@id":"https:\/\/hyseco.ch\/de\/senioritatsnachrichten\/#breadcrumb","itemListElement":[{"@type":"ListItem","position":1,"name":"Accueil","item":"https:\/\/hyseco.ch\/"},{"@type":"ListItem","position":2,"name":"Seniorit\u00e4tsnachrichten"}]},{"@type":"WebSite","@id":"https:\/\/hyseco.ch\/#website","url":"https:\/\/hyseco.ch\/","name":"Hyseco","description":"Baignoire, douche, r\u00e9novation salle de bains","potentialAction":[{"@type":"SearchAction","target":{"@type":"EntryPoint","urlTemplate":"https:\/\/hyseco.ch\/?s={search_term_string}"},"query-input":"required name=search_term_string"}],"inLanguage":"de"}]}},"_links":{"self":[{"href":"https:\/\/hyseco.ch\/de\/wp-json\/wp\/v2\/pages\/2020"}],"collection":[{"href":"https:\/\/hyseco.ch\/de\/wp-json\/wp\/v2\/pages"}],"about":[{"href":"https:\/\/hyseco.ch\/de\/wp-json\/wp\/v2\/types\/page"}],"author":[{"embeddable":true,"href":"https:\/\/hyseco.ch\/de\/wp-json\/wp\/v2\/users\/1"}],"replies":[{"embeddable":true,"href":"https:\/\/hyseco.ch\/de\/wp-json\/wp\/v2\/comments?post=2020"}],"version-history":[{"count":4,"href":"https:\/\/hyseco.ch\/de\/wp-json\/wp\/v2\/pages\/2020\/revisions"}],"predecessor-version":[{"id":51440,"href":"https:\/\/hyseco.ch\/de\/wp-json\/wp\/v2\/pages\/2020\/revisions\/51440"}],"wp:attachment":[{"href":"https:\/\/hyseco.ch\/de\/wp-json\/wp\/v2\/media?parent=2020"}],"curies":[{"name":"wp","href":"https:\/\/api.w.org\/{rel}","templated":true}]}}