{"id":1638,"date":"2018-09-10T08:49:49","date_gmt":"2018-09-10T06:49:49","guid":{"rendered":"https:\/\/hyseco.ch\/schweizer-hersteller\/"},"modified":"2022-09-27T13:06:48","modified_gmt":"2022-09-27T11:06:48","slug":"schweizer-hersteller","status":"publish","type":"page","link":"https:\/\/hyseco.ch\/de\/schweizer-hersteller\/","title":{"rendered":"Schweizer Hersteller"},"content":{"rendered":"<p>[et_pb_section fb_built=&#8220;1&#8243; fullwidth=&#8220;on&#8220; admin_label=&#8220;Section&#8220; _builder_version=&#8220;4.16&#8243; global_colors_info=&#8220;{}&#8220;][et_pb_fullwidth_slider admin_label=&#8220;Curseur de d\u00e9filement plein \u00e9cran&#8220; _builder_version=&#8220;4.16&#8243; custom_padding=&#8220;|||&#8220; custom_padding_tablet=&#8220;|||&#8220; custom_padding_phone=&#8220;|||&#8220; box_shadow_style=&#8220;preset6&#8243; box_shadow_blur=&#8220;10px&#8220; box_shadow_color=&#8220;rgba(0,0,0,0.1)&#8220; remove_inner_shadow=&#8220;off&#8220; hide_content_on_mobile=&#8220;off&#8220; hide_cta_on_mobile=&#8220;off&#8220; show_inner_shadow=&#8220;on&#8220; button_letter_spacing_hover=&#8220;0&#8243; global_colors_info=&#8220;{}&#8220; button_text_size__hover_enabled=&#8220;off&#8220; button_one_text_size__hover_enabled=&#8220;off&#8220; button_two_text_size__hover_enabled=&#8220;off&#8220; button_text_color__hover_enabled=&#8220;off&#8220; button_one_text_color__hover_enabled=&#8220;off&#8220; button_two_text_color__hover_enabled=&#8220;off&#8220; button_border_width__hover_enabled=&#8220;off&#8220; button_one_border_width__hover_enabled=&#8220;off&#8220; button_two_border_width__hover_enabled=&#8220;off&#8220; button_border_color__hover_enabled=&#8220;off&#8220; button_one_border_color__hover_enabled=&#8220;off&#8220; button_two_border_color__hover_enabled=&#8220;off&#8220; button_border_radius__hover_enabled=&#8220;off&#8220; button_one_border_radius__hover_enabled=&#8220;off&#8220; button_two_border_radius__hover_enabled=&#8220;off&#8220; button_letter_spacing__hover_enabled=&#8220;on&#8220; button_letter_spacing__hover=&#8220;0&#8243; button_one_letter_spacing__hover_enabled=&#8220;off&#8220; button_two_letter_spacing__hover_enabled=&#8220;off&#8220; button_bg_color__hover_enabled=&#8220;off&#8220; button_one_bg_color__hover_enabled=&#8220;off&#8220; button_two_bg_color__hover_enabled=&#8220;off&#8220;][et_pb_slide use_bg_overlay=&#8220;off&#8220; use_text_overlay=&#8220;off&#8220; _builder_version=&#8220;4.16&#8243; header_font=&#8220;||||&#8220; body_font=&#8220;||||&#8220; background_color=&#8220;#ffffff&#8220; background_image=&#8220;https:\/\/hyseco.ch\/wp-content\/uploads\/2017\/03\/ban-fabricant-suisse.jpg&#8220; button_icon_placement=&#8220;right&#8220; button_on_hover=&#8220;on&#8220; global_colors_info=&#8220;{}&#8220; sticky_transition=&#8220;on&#8220; button_text_size__hover_enabled=&#8220;off&#8220; button_one_text_size__hover_enabled=&#8220;off&#8220; button_two_text_size__hover_enabled=&#8220;off&#8220; button_text_color__hover_enabled=&#8220;off&#8220; button_one_text_color__hover_enabled=&#8220;off&#8220; button_two_text_color__hover_enabled=&#8220;off&#8220; button_border_width__hover_enabled=&#8220;off&#8220; button_one_border_width__hover_enabled=&#8220;off&#8220; button_two_border_width__hover_enabled=&#8220;off&#8220; button_border_color__hover_enabled=&#8220;off&#8220; button_one_border_color__hover_enabled=&#8220;off&#8220; button_two_border_color__hover_enabled=&#8220;off&#8220; button_border_radius__hover_enabled=&#8220;off&#8220; button_one_border_radius__hover_enabled=&#8220;off&#8220; button_two_border_radius__hover_enabled=&#8220;off&#8220; button_letter_spacing__hover_enabled=&#8220;off&#8220; button_one_letter_spacing__hover_enabled=&#8220;off&#8220; button_two_letter_spacing__hover_enabled=&#8220;off&#8220; button_bg_color__hover_enabled=&#8220;off&#8220; button_one_bg_color__hover_enabled=&#8220;off&#8220; button_two_bg_color__hover_enabled=&#8220;off&#8220;] [\/et_pb_slide][\/et_pb_fullwidth_slider][\/et_pb_section][et_pb_section fb_built=&#8220;1&#8243; admin_label=&#8220;section&#8220; _builder_version=&#8220;4.16&#8243; global_colors_info=&#8220;{}&#8220;][et_pb_row admin_label=&#8220;row&#8220; _builder_version=&#8220;4.16&#8243; background_size=&#8220;initial&#8220; background_position=&#8220;top_left&#8220; background_repeat=&#8220;repeat&#8220; global_colors_info=&#8220;{}&#8220;][et_pb_column type=&#8220;4_4&#8243; _builder_version=&#8220;4.16&#8243; custom_padding=&#8220;|||&#8220; global_colors_info=&#8220;{}&#8220; custom_padding__hover=&#8220;|||&#8220;][et_pb_text admin_label=&#8220;Texte&#8220; _builder_version=&#8220;4.16&#8243; background_size=&#8220;initial&#8220; background_position=&#8220;top_left&#8220; background_repeat=&#8220;repeat&#8220; use_border_color=&#8220;off&#8220; border_color=&#8220;#ffffff&#8220; border_style=&#8220;solid&#8220; global_colors_info=&#8220;{}&#8220;]<\/p>\n<h1>Schweizer Hersteller<\/h1>\n<p>[\/et_pb_text][\/et_pb_column][\/et_pb_row][et_pb_row admin_label=&#8220;Ligne&#8220; _builder_version=&#8220;4.16&#8243; background_size=&#8220;initial&#8220; background_position=&#8220;top_left&#8220; background_repeat=&#8220;repeat&#8220; global_colors_info=&#8220;{}&#8220;][et_pb_column type=&#8220;4_4&#8243; _builder_version=&#8220;4.16&#8243; custom_padding=&#8220;|||&#8220; global_colors_info=&#8220;{}&#8220; custom_padding__hover=&#8220;|||&#8220;][et_pb_text admin_label=&#8220;Texte&#8220; _builder_version=&#8220;4.16&#8243; background_size=&#8220;initial&#8220; background_position=&#8220;top_left&#8220; background_repeat=&#8220;repeat&#8220; use_border_color=&#8220;off&#8220; border_color=&#8220;#ffffff&#8220; border_style=&#8220;solid&#8220; global_colors_info=&#8220;{}&#8220;]HYSECO ist der einzige Schweizer Hersteller und Installateur von <a href=\"https:\/\/hyseco.ch\/de\/die-vorhandene-badtur\/\">Badt\u00fcren<\/a>.<\/p>\n<p>Unsere solide Erfahrung erm\u00f6glicht es uns, eine <a>anpassbare Badt\u00fcr<\/a> zu vorhandenen Badewannen ohne Demontage anzubieten, um den Ein- und Ausstieg zu erleichtern. Komplett in unserer Werkstatt und von unseren Installateuren gefertigt, passt es perfekt ins Badezimmer.<\/p>\n<p>Unsere Kunden sind \u00fcberwiegend Senioren, die nach der wirtschaftlichsten L\u00f6sung suchen, um ihre Badewanne anzupassen, ihre Unabh\u00e4ngigkeit zu bewahren und ihre h\u00e4usliche Pflege aufrechtzuerhalten. Das Schneiden und Installieren einer Badt\u00fcr ist eine ideale L\u00f6sung.<\/p>\n<p>&nbsp;<\/p>\n<h3>In welchem Alter werden wir Senioren?<\/h3>\n<p>Jeder kann diese Frage beantworten, denn es gibt so viele Antworten wie Individuen. Es gibt einen roten Faden, eine Verbindung, die viele von uns verbindet: unser Wunsch, unsere Autonomie zu bewahren, unser Wunsch nach Unabh\u00e4ngigkeit. Heute k\u00f6nnen wir uns auf L\u00f6sungen, praktische M\u00f6glichkeiten, einfach zu implementieren und kosteng\u00fcnstig im Vergleich zu den Vorteilen verlassen.<\/p>\n<p>Denn darum geht es: Die Entscheidung treffen, zu Hause zu bleiben oder eine Lebensstruktur wie einen EMS zu integrieren. Einige werden w\u00e4hlen, andere werden diese M\u00f6glichkeit nicht haben oder sich verpflichtet f\u00fchlen. Eine Sache ist sicher, f\u00fcr diejenigen, die zu Hause bleiben wollen und k\u00f6nnen, anpassen, sondern auch ihre Umgebung anpassen. Das sind die Leute, die wir jeden Tag beantworten. So kommen wir t\u00e4glich an deiner Seite voran, jedes Mal ein bisschen mehr, jedes Mal ein bisschen besser.<\/p>\n<p>Wir freuen uns, zu unserem Ma\u00dfstab beizutragen und durch unsere Bem\u00fchungen, Ihren Komfort und Wohlbefinden zu verbessern und individuell und auf Ihre Bed\u00fcrfnisse zugeschnitten.<\/p>\n<p>Jean-Phillipe Fleury<br \/>\nRegisseur<\/p>\n<p>&nbsp;<\/p>\n<p>&nbsp;<br \/>\n[\/et_pb_text][\/et_pb_column][\/et_pb_row][\/et_pb_section]<\/p>\n","protected":false},"excerpt":{"rendered":"<p>Schweizer Hersteller HYSECO ist der einzige Schweizer Hersteller und Installateur von Badt\u00fcren. Unsere solide Erfahrung erm\u00f6glicht es uns, eine anpassbare Badt\u00fcr zu vorhandenen Badewannen ohne Demontage anzubieten, um den Ein- und Ausstieg zu erleichtern. Komplett in unserer Werkstatt und von unseren Installateuren gefertigt, passt es perfekt ins Badezimmer. Unsere Kunden sind \u00fcberwiegend Senioren, die nach [&hellip;]<\/p>\n","protected":false},"author":1,"featured_media":0,"parent":0,"menu_order":0,"comment_status":"closed","ping_status":"closed","template":"","meta":{"_et_pb_use_builder":"on","_et_pb_old_content":"","_et_gb_content_width":""},"yoast_head":"<!-- This site is optimized with the Yoast SEO plugin v20.10 - https:\/\/yoast.com\/wordpress\/plugins\/seo\/ -->\n<title>Schweizer Hersteller | HYSECO ist der einzige Installateur von Badt\u00fcren.<\/title>\n<meta name=\"description\" content=\"Unsere solide Erfahrung erm\u00f6glicht es uns, eine anpassbare Badt\u00fcr zu vorhandenen Badewannen ohne Demontage anzubieten, um den Ein- und Ausstieg zu erleichtern. Komplett in unserer Werkstatt und von unseren Installateuren gefertigt, passt es perfekt ins Badezimmer.\" \/>\n<meta name=\"robots\" content=\"index, follow, max-snippet:-1, max-image-preview:large, max-video-preview:-1\" \/>\n<link rel=\"canonical\" href=\"https:\/\/hyseco.ch\/de\/schweizer-hersteller\/\" \/>\n<meta property=\"og:locale\" content=\"de_DE\" \/>\n<meta property=\"og:type\" content=\"article\" \/>\n<meta property=\"og:title\" content=\"Schweizer Hersteller | HYSECO ist der einzige Installateur von Badt\u00fcren.\" \/>\n<meta property=\"og:description\" content=\"Unsere solide Erfahrung erm\u00f6glicht es uns, eine anpassbare Badt\u00fcr zu vorhandenen Badewannen ohne Demontage anzubieten, um den Ein- und Ausstieg zu erleichtern. Komplett in unserer Werkstatt und von unseren Installateuren gefertigt, passt es perfekt ins Badezimmer.\" \/>\n<meta property=\"og:url\" content=\"https:\/\/hyseco.ch\/de\/schweizer-hersteller\/\" \/>\n<meta property=\"og:site_name\" content=\"Hyseco\" \/>\n<meta property=\"article:modified_time\" content=\"2022-09-27T11:06:48+00:00\" \/>\n<meta name=\"twitter:card\" content=\"summary_large_image\" \/>\n<meta name=\"twitter:label1\" content=\"Gesch\u00e4tzte Lesezeit\" \/>\n\t<meta name=\"twitter:data1\" content=\"4\u00a0Minuten\" \/>\n<script type=\"application\/ld+json\" class=\"yoast-schema-graph\">{\"@context\":\"https:\/\/schema.org\",\"@graph\":[{\"@type\":\"WebPage\",\"@id\":\"https:\/\/hyseco.ch\/de\/schweizer-hersteller\/\",\"url\":\"https:\/\/hyseco.ch\/de\/schweizer-hersteller\/\",\"name\":\"Schweizer Hersteller | HYSECO ist der einzige Installateur von Badt\u00fcren.\",\"isPartOf\":{\"@id\":\"https:\/\/hyseco.ch\/#website\"},\"datePublished\":\"2018-09-10T06:49:49+00:00\",\"dateModified\":\"2022-09-27T11:06:48+00:00\",\"description\":\"Unsere solide Erfahrung erm\u00f6glicht es uns, eine anpassbare Badt\u00fcr zu vorhandenen Badewannen ohne Demontage anzubieten, um den Ein- und Ausstieg zu erleichtern. Komplett in unserer Werkstatt und von unseren Installateuren gefertigt, passt es perfekt ins Badezimmer.\",\"breadcrumb\":{\"@id\":\"https:\/\/hyseco.ch\/de\/schweizer-hersteller\/#breadcrumb\"},\"inLanguage\":\"de\",\"potentialAction\":[{\"@type\":\"ReadAction\",\"target\":[\"https:\/\/hyseco.ch\/de\/schweizer-hersteller\/\"]}]},{\"@type\":\"BreadcrumbList\",\"@id\":\"https:\/\/hyseco.ch\/de\/schweizer-hersteller\/#breadcrumb\",\"itemListElement\":[{\"@type\":\"ListItem\",\"position\":1,\"name\":\"Accueil\",\"item\":\"https:\/\/hyseco.ch\/\"},{\"@type\":\"ListItem\",\"position\":2,\"name\":\"Schweizer Hersteller\"}]},{\"@type\":\"WebSite\",\"@id\":\"https:\/\/hyseco.ch\/#website\",\"url\":\"https:\/\/hyseco.ch\/\",\"name\":\"Hyseco\",\"description\":\"Baignoire, douche, r\u00e9novation salle de bains\",\"potentialAction\":[{\"@type\":\"SearchAction\",\"target\":{\"@type\":\"EntryPoint\",\"urlTemplate\":\"https:\/\/hyseco.ch\/?s={search_term_string}\"},\"query-input\":\"required name=search_term_string\"}],\"inLanguage\":\"de\"}]}<\/script>\n<!-- \/ Yoast SEO plugin. -->","yoast_head_json":{"title":"Schweizer Hersteller | HYSECO ist der einzige Installateur von Badt\u00fcren.","description":"Unsere solide Erfahrung erm\u00f6glicht es uns, eine anpassbare Badt\u00fcr zu vorhandenen Badewannen ohne Demontage anzubieten, um den Ein- und Ausstieg zu erleichtern. Komplett in unserer Werkstatt und von unseren Installateuren gefertigt, passt es perfekt ins Badezimmer.","robots":{"index":"index","follow":"follow","max-snippet":"max-snippet:-1","max-image-preview":"max-image-preview:large","max-video-preview":"max-video-preview:-1"},"canonical":"https:\/\/hyseco.ch\/de\/schweizer-hersteller\/","og_locale":"de_DE","og_type":"article","og_title":"Schweizer Hersteller | HYSECO ist der einzige Installateur von Badt\u00fcren.","og_description":"Unsere solide Erfahrung erm\u00f6glicht es uns, eine anpassbare Badt\u00fcr zu vorhandenen Badewannen ohne Demontage anzubieten, um den Ein- und Ausstieg zu erleichtern. Komplett in unserer Werkstatt und von unseren Installateuren gefertigt, passt es perfekt ins Badezimmer.","og_url":"https:\/\/hyseco.ch\/de\/schweizer-hersteller\/","og_site_name":"Hyseco","article_modified_time":"2022-09-27T11:06:48+00:00","twitter_card":"summary_large_image","twitter_misc":{"Gesch\u00e4tzte Lesezeit":"4\u00a0Minuten"},"schema":{"@context":"https:\/\/schema.org","@graph":[{"@type":"WebPage","@id":"https:\/\/hyseco.ch\/de\/schweizer-hersteller\/","url":"https:\/\/hyseco.ch\/de\/schweizer-hersteller\/","name":"Schweizer Hersteller | HYSECO ist der einzige Installateur von Badt\u00fcren.","isPartOf":{"@id":"https:\/\/hyseco.ch\/#website"},"datePublished":"2018-09-10T06:49:49+00:00","dateModified":"2022-09-27T11:06:48+00:00","description":"Unsere solide Erfahrung erm\u00f6glicht es uns, eine anpassbare Badt\u00fcr zu vorhandenen Badewannen ohne Demontage anzubieten, um den Ein- und Ausstieg zu erleichtern. Komplett in unserer Werkstatt und von unseren Installateuren gefertigt, passt es perfekt ins Badezimmer.","breadcrumb":{"@id":"https:\/\/hyseco.ch\/de\/schweizer-hersteller\/#breadcrumb"},"inLanguage":"de","potentialAction":[{"@type":"ReadAction","target":["https:\/\/hyseco.ch\/de\/schweizer-hersteller\/"]}]},{"@type":"BreadcrumbList","@id":"https:\/\/hyseco.ch\/de\/schweizer-hersteller\/#breadcrumb","itemListElement":[{"@type":"ListItem","position":1,"name":"Accueil","item":"https:\/\/hyseco.ch\/"},{"@type":"ListItem","position":2,"name":"Schweizer Hersteller"}]},{"@type":"WebSite","@id":"https:\/\/hyseco.ch\/#website","url":"https:\/\/hyseco.ch\/","name":"Hyseco","description":"Baignoire, douche, r\u00e9novation salle de bains","potentialAction":[{"@type":"SearchAction","target":{"@type":"EntryPoint","urlTemplate":"https:\/\/hyseco.ch\/?s={search_term_string}"},"query-input":"required name=search_term_string"}],"inLanguage":"de"}]}},"_links":{"self":[{"href":"https:\/\/hyseco.ch\/de\/wp-json\/wp\/v2\/pages\/1638"}],"collection":[{"href":"https:\/\/hyseco.ch\/de\/wp-json\/wp\/v2\/pages"}],"about":[{"href":"https:\/\/hyseco.ch\/de\/wp-json\/wp\/v2\/types\/page"}],"author":[{"embeddable":true,"href":"https:\/\/hyseco.ch\/de\/wp-json\/wp\/v2\/users\/1"}],"replies":[{"embeddable":true,"href":"https:\/\/hyseco.ch\/de\/wp-json\/wp\/v2\/comments?post=1638"}],"version-history":[{"count":5,"href":"https:\/\/hyseco.ch\/de\/wp-json\/wp\/v2\/pages\/1638\/revisions"}],"predecessor-version":[{"id":51439,"href":"https:\/\/hyseco.ch\/de\/wp-json\/wp\/v2\/pages\/1638\/revisions\/51439"}],"wp:attachment":[{"href":"https:\/\/hyseco.ch\/de\/wp-json\/wp\/v2\/media?parent=1638"}],"curies":[{"name":"wp","href":"https:\/\/api.w.org\/{rel}","templated":true}]}}