{"id":1630,"date":"2018-09-05T09:56:11","date_gmt":"2018-09-05T07:56:11","guid":{"rendered":"https:\/\/hyseco.ch\/referenzen-zeugnisse\/"},"modified":"2022-09-27T13:06:44","modified_gmt":"2022-09-27T11:06:44","slug":"referenzen-zeugnisse","status":"publish","type":"page","link":"https:\/\/hyseco.ch\/de\/referenzen-zeugnisse\/","title":{"rendered":"Referenzen \/ Zeugnisse"},"content":{"rendered":"<p>[et_pb_section fb_built=&#8220;1&#8243; admin_label=&#8220;section&#8220; _builder_version=&#8220;4.16&#8243; global_colors_info=&#8220;{}&#8220;][et_pb_row admin_label=&#8220;row&#8220; _builder_version=&#8220;4.16&#8243; background_size=&#8220;initial&#8220; background_position=&#8220;top_left&#8220; background_repeat=&#8220;repeat&#8220; global_colors_info=&#8220;{}&#8220;][et_pb_column type=&#8220;4_4&#8243; _builder_version=&#8220;4.16&#8243; custom_padding=&#8220;|||&#8220; global_colors_info=&#8220;{}&#8220; custom_padding__hover=&#8220;|||&#8220;][et_pb_text admin_label=&#8220;Texte&#8220; _builder_version=&#8220;4.16&#8243; background_size=&#8220;initial&#8220; background_position=&#8220;top_left&#8220; background_repeat=&#8220;repeat&#8220; use_border_color=&#8220;off&#8220; border_color=&#8220;#ffffff&#8220; border_style=&#8220;solid&#8220; global_colors_info=&#8220;{}&#8220;]<\/p>\n<h1>Referenzen \/ Zeugnisse<\/h1>\n<p>Jedes Jahr vertrauen uns viele Privatkunden, Unternehmen sowie verschiedene Gesundheitsorganisationen, Ergotherapeuten, Physiotherapeuten usw.<br \/>\n[\/et_pb_text][\/et_pb_column][\/et_pb_row][et_pb_row admin_label=&#8220;Ligne&#8220; module_id=&#8220;certifications2&#8243; _builder_version=&#8220;4.16&#8243; background_size=&#8220;initial&#8220; background_position=&#8220;top_left&#8220; background_repeat=&#8220;repeat&#8220; custom_padding=&#8220;0px||0px|&#8220; make_fullwidth=&#8220;off&#8220; use_custom_width=&#8220;off&#8220; width_unit=&#8220;on&#8220; global_colors_info=&#8220;{}&#8220;][et_pb_column type=&#8220;4_4&#8243; _builder_version=&#8220;4.16&#8243; custom_padding=&#8220;|||&#8220; global_colors_info=&#8220;{}&#8220; custom_padding__hover=&#8220;|||&#8220;][et_pb_code admin_label=&#8220;Code&#8220; _builder_version=&#8220;4.16&#8243; global_colors_info=&#8220;{}&#8220;]<a href=\"https:\/\/hyseco.ch\/references-et-temoignages\/\"><img decoding=\"async\" src=\"https:\/\/hyseco.ch\/wp-content\/uploads\/2018\/06\/logo1.jpg\" alt=\"\"><!-- [et_pb_line_break_holder] --><img decoding=\"async\" src=\"https:\/\/hyseco.ch\/wp-content\/uploads\/2018\/06\/logo2.jpg\" alt=\"\"><!-- [et_pb_line_break_holder] --><img decoding=\"async\" src=\"https:\/\/hyseco.ch\/wp-content\/uploads\/2018\/06\/logo3.jpg\" alt=\"\"><!-- [et_pb_line_break_holder] --><img decoding=\"async\" src=\"https:\/\/hyseco.ch\/wp-content\/uploads\/2018\/06\/logo4.jpg\" alt=\"\"><!-- [et_pb_line_break_holder] --><img decoding=\"async\" src=\"https:\/\/hyseco.ch\/wp-content\/uploads\/2018\/06\/logo5.jpg\" alt=\"\"><!-- [et_pb_line_break_holder] --><img decoding=\"async\" src=\"https:\/\/hyseco.ch\/wp-content\/uploads\/2018\/06\/logo6.jpg\" alt=\"\"><!-- [et_pb_line_break_holder] --><img decoding=\"async\" src=\"https:\/\/hyseco.ch\/wp-content\/uploads\/2018\/06\/logo7.jpg\" alt=\"\"><!-- [et_pb_line_break_holder] --><img decoding=\"async\" src=\"https:\/\/hyseco.ch\/wp-content\/uploads\/2018\/06\/logo8.jpg\" alt=\"\"><\/a>[\/et_pb_code][\/et_pb_column][\/et_pb_row][et_pb_row admin_label=&#8220;row&#8220; _builder_version=&#8220;4.16&#8243; background_size=&#8220;initial&#8220; background_position=&#8220;top_left&#8220; background_repeat=&#8220;repeat&#8220; custom_padding=&#8220;||0px|&#8220; make_fullwidth=&#8220;off&#8220; use_custom_width=&#8220;off&#8220; width_unit=&#8220;on&#8220; global_colors_info=&#8220;{}&#8220;][et_pb_column type=&#8220;4_4&#8243; _builder_version=&#8220;4.16&#8243; custom_padding=&#8220;|||&#8220; global_colors_info=&#8220;{}&#8220; custom_padding__hover=&#8220;|||&#8220;][et_pb_text admin_label=&#8220;Texte&#8220; _builder_version=&#8220;4.16&#8243; background_size=&#8220;initial&#8220; background_position=&#8220;top_left&#8220; background_repeat=&#8220;repeat&#8220; use_border_color=&#8220;off&#8220; border_color=&#8220;#ffffff&#8220; border_style=&#8220;solid&#8220; global_colors_info=&#8220;{}&#8220;]<\/p>\n<p style=\"text-align: left;\">HYSECO wurde f\u00fcr den Innovationspreis 2016 nominiert und war Gegenstand eines Fernsehberichts \u00fcber Frankreich 5.<\/p>\n<h2>Testimonials<\/h2>\n<p><span style=\"color: #d20b18;\">Christen Maryse, La Chaux de Fonds (NE): Mein Physiotherapeut hat die Idee gro\u00dfartig gefunden und informiert seine Patienten, die zu meiner Installation kommen k\u00f6nnen.<\/span><\/p>\n<p><span style=\"color: #d20b18;\">Rochat Maurice, Couvet (NE): Wir sind mit dieser Option zufrieden, die einen einfachen Zugang in der Badewanne erm\u00f6glicht. Sowohl in der Dauer der Arbeit als auch in finanzieller Hinsicht sch\u00e4tzten wir die Sorgfalt, die dem Ort nach der &#8222;Mini-Site&#8220; gegeben wurde. Sehr freundliches Personal!<\/span><\/p>\n<p><span style=\"color: #d20b18;\">Emma und Eug\u00e8ne Stempfel, Courtepin (FR): Wir w\u00fcnschen Ihnen viel Erfolg in Ihrem Gesch\u00e4ft. Die Sorgfalt bei der Installation der T\u00fcr, die tadellose Reinigung am Ende der Arbeit, die Freundlichkeit des Herstellers und Installateurs sind wertvolle Eigenschaften.<\/span><\/p>\n<p><span style=\"color: #d20b18;\">Bigler Danielle, Forel (VD): Meine Eltern freuen sich, wir sind sehr zufrieden mit Ihren Leistungen und der geleisteten Arbeit.<\/span><\/p>\n<p><span style=\"color: #d20b18;\">Tharin Michel, Onex (GE): Ich kann Hyseco House nur empfehlen. Freundlichkeit und H\u00f6flichkeit sind kein leeres Wort. Der Rat, die Erkl\u00e4rung, wie man die Arbeit macht, die Dokumente, die Professionalit\u00e4t, mit der die Installation installiert wurde, sind zu beachten.<\/span><\/p>\n<p><span style=\"color: #d20b18;\">Jeten Jocelyne, Echichens (VD): \u00c4ndere nichts, schnell und effizient, danke.<\/span><\/p>\n<p><span style=\"color: #d20b18;\">Feberey, Clarens (VD): sehr freundliche und verst\u00e4ndnisvolle Kontakte auch unter Druck, bravo f\u00fcr Zuh\u00f6ren und Professionalit\u00e4t.<\/span><\/p>\n<p><span style=\"color: #d20b18;\">Monique Friedrich, Leysin (VD): &#8222;Ich sch\u00e4tze die Installation dieser T\u00fcr, die den Eintritt in meine Badewanne erleichtert, danke, danke. &#8222;<\/span><\/p>\n<p><span style=\"color: #d20b18;\">Gabriel Stadelmann, Bevaix (NE): &#8222;Ich habe keine Beschwerden, f\u00fcr mich war es das, was ich erwartet habe. Ich danke Ihnen f\u00fcr Ihre Mitarbeit.<\/span><\/p>\n<p><span style=\"color: #d20b18;\">Bernard Besson, Penthalaz (VD): &#8222;Auch f\u00fcr Schnelligkeit und P\u00fcnktlichkeit gibt es nichts zu sagen. Der Job ist sehr gut gemacht, die Sauberkeit nach Feierabend und die Redaktion sehr freundlich.<\/span><\/p>\n<p><span style=\"color: #d20b18;\">Jeannine Glassey, Martigny (VS): &#8222;Nichts Besonderes f\u00fcr mich, schnell und sauber gearbeitet. &#8222;<\/span><\/p>\n<p><span style=\"color: #d20b18;\">Xavier Lerjen, Petit-Lancy (GE): &#8222;Einwandfreie Installation und sehr sorgf\u00e4ltige Arbeit und Schutz. Ich werde dich werben, weil es wunderbar ist, wieder unabh\u00e4ngig zu sein um die Dusche zu nehmen<\/span><\/p>\n<p><span style=\"color: #d20b18;\">Louis und Ren\u00e9 Schmid, Vessy (GE): &#8222;Vorerst ist alles perfekt, der Platz wurde uns in Ordnung und sehr sauber zur\u00fcckgegeben.<\/span><\/p>\n<p>&nbsp;<\/p>\n<h2>Referenzen<\/h2>\n<p>&nbsp;<br \/>\n[\/et_pb_text][\/et_pb_column][\/et_pb_row][et_pb_row admin_label=&#8220;row&#8220; _builder_version=&#8220;4.16&#8243; background_size=&#8220;initial&#8220; background_position=&#8220;top_left&#8220; background_repeat=&#8220;repeat&#8220; custom_padding=&#8220;0px|||&#8220; make_fullwidth=&#8220;off&#8220; use_custom_width=&#8220;off&#8220; width_unit=&#8220;on&#8220; global_colors_info=&#8220;{}&#8220; column_structure=&#8220;1_2,1_2&#8243;][et_pb_column type=&#8220;1_2&#8243; _builder_version=&#8220;4.16&#8243; custom_padding=&#8220;|||&#8220; global_colors_info=&#8220;{}&#8220; custom_padding__hover=&#8220;|||&#8220;][et_pb_text admin_label=&#8220;Texte&#8220; _builder_version=&#8220;4.16&#8243; background_size=&#8220;initial&#8220; background_position=&#8220;top_left&#8220; background_repeat=&#8220;repeat&#8220; use_border_color=&#8220;off&#8220; border_color=&#8220;#ffffff&#8220; border_style=&#8220;solid&#8220; global_colors_info=&#8220;{}&#8220;]<\/p>\n<p style=\"text-align: left;\">Fondation CSC Saint-Barthelemy<\/p>\n<p>Fondation des Ain\u00e9s de Gen\u00e8ve<\/p>\n<p>Coutaz SA Saint-Maurice<\/p>\n<p>Voutat SA Installation sanitaire Gland<\/p>\n<p>Helvetia<\/p>\n<p>Axa Winterthur<\/p>\n<p>Gerama SA R\u00e9gie immobili\u00e8re Fribourg<\/p>\n<p>G\u00e9rance Robert Crot &amp; Cie<\/p>\n<p>R\u00e9gie immobili\u00e8re Charles Decker<\/p>\n<p>AI Assurance Invalidit\u00e9<\/p>\n<p>&nbsp;<br \/>\n[\/et_pb_text][\/et_pb_column][et_pb_column type=&#8220;1_2&#8243; _builder_version=&#8220;4.16&#8243; custom_padding=&#8220;|||&#8220; global_colors_info=&#8220;{}&#8220; custom_padding__hover=&#8220;|||&#8220;][et_pb_text admin_label=&#8220;Texte&#8220; _builder_version=&#8220;4.16&#8243; background_size=&#8220;initial&#8220; background_position=&#8220;top_left&#8220; background_repeat=&#8220;repeat&#8220; use_border_color=&#8220;off&#8220; border_color=&#8220;#ffffff&#8220; border_style=&#8220;solid&#8220; global_colors_info=&#8220;{}&#8220;]<\/p>\n<p style=\"text-align: left;\">FSCMA Centre de moyens auxiliaires<\/p>\n<p>AVASAD BUMA<\/p>\n<p>AVASAD CMS<\/p>\n<p>COLORAMA Knuchel<\/p>\n<p>Royal Plaza Montreux &amp; Spa<\/p>\n<p>Grand Hotel Kempinski Gen\u00e8ve<\/p>\n<p>&nbsp;<br \/>\n[\/et_pb_text][\/et_pb_column][\/et_pb_row][\/et_pb_section]<\/p>\n","protected":false},"excerpt":{"rendered":"<p>Referenzen \/ Zeugnisse Jedes Jahr vertrauen uns viele Privatkunden, Unternehmen sowie verschiedene Gesundheitsorganisationen, Ergotherapeuten, Physiotherapeuten usw. HYSECO wurde f\u00fcr den Innovationspreis 2016 nominiert und war Gegenstand eines Fernsehberichts \u00fcber Frankreich 5. Testimonials Christen Maryse, La Chaux de Fonds (NE): Mein Physiotherapeut hat die Idee gro\u00dfartig gefunden und informiert seine Patienten, die zu meiner Installation kommen [&hellip;]<\/p>\n","protected":false},"author":1,"featured_media":0,"parent":0,"menu_order":0,"comment_status":"closed","ping_status":"closed","template":"","meta":{"_et_pb_use_builder":"on","_et_pb_old_content":"","_et_gb_content_width":""},"yoast_head":"<!-- This site is optimized with the Yoast SEO plugin v20.10 - https:\/\/yoast.com\/wordpress\/plugins\/seo\/ -->\n<title>Referenzen \/ Zeugnisse - Badt\u00fcren Schweiz<\/title>\n<meta name=\"description\" content=\"Jedes Jahr vertrauen uns viele Privatkunden, Unternehmen sowie verschiedene Gesundheitsorganisationen, Ergotherapeuten, Physiotherapeuten usw.\" \/>\n<meta name=\"robots\" content=\"index, follow, max-snippet:-1, max-image-preview:large, max-video-preview:-1\" \/>\n<link rel=\"canonical\" href=\"https:\/\/hyseco.ch\/de\/referenzen-zeugnisse\/\" \/>\n<meta property=\"og:locale\" content=\"de_DE\" \/>\n<meta property=\"og:type\" content=\"article\" \/>\n<meta property=\"og:title\" content=\"Referenzen \/ Zeugnisse - Badt\u00fcren Schweiz\" \/>\n<meta property=\"og:description\" content=\"Jedes Jahr vertrauen uns viele Privatkunden, Unternehmen sowie verschiedene Gesundheitsorganisationen, Ergotherapeuten, Physiotherapeuten usw.\" \/>\n<meta property=\"og:url\" content=\"https:\/\/hyseco.ch\/de\/referenzen-zeugnisse\/\" \/>\n<meta property=\"og:site_name\" content=\"Hyseco\" \/>\n<meta property=\"article:modified_time\" content=\"2022-09-27T11:06:44+00:00\" \/>\n<meta property=\"og:image\" content=\"https:\/\/hyseco.ch\/wp-content\/uploads\/2018\/06\/logo1.jpg\" \/>\n<meta name=\"twitter:card\" content=\"summary_large_image\" \/>\n<meta name=\"twitter:label1\" content=\"Gesch\u00e4tzte Lesezeit\" \/>\n\t<meta name=\"twitter:data1\" content=\"4\u00a0Minuten\" \/>\n<script type=\"application\/ld+json\" class=\"yoast-schema-graph\">{\"@context\":\"https:\/\/schema.org\",\"@graph\":[{\"@type\":\"WebPage\",\"@id\":\"https:\/\/hyseco.ch\/de\/referenzen-zeugnisse\/\",\"url\":\"https:\/\/hyseco.ch\/de\/referenzen-zeugnisse\/\",\"name\":\"Referenzen \/ Zeugnisse - Badt\u00fcren Schweiz\",\"isPartOf\":{\"@id\":\"https:\/\/hyseco.ch\/#website\"},\"datePublished\":\"2018-09-05T07:56:11+00:00\",\"dateModified\":\"2022-09-27T11:06:44+00:00\",\"description\":\"Jedes Jahr vertrauen uns viele Privatkunden, Unternehmen sowie verschiedene Gesundheitsorganisationen, Ergotherapeuten, Physiotherapeuten usw.\",\"breadcrumb\":{\"@id\":\"https:\/\/hyseco.ch\/de\/referenzen-zeugnisse\/#breadcrumb\"},\"inLanguage\":\"de\",\"potentialAction\":[{\"@type\":\"ReadAction\",\"target\":[\"https:\/\/hyseco.ch\/de\/referenzen-zeugnisse\/\"]}]},{\"@type\":\"BreadcrumbList\",\"@id\":\"https:\/\/hyseco.ch\/de\/referenzen-zeugnisse\/#breadcrumb\",\"itemListElement\":[{\"@type\":\"ListItem\",\"position\":1,\"name\":\"Accueil\",\"item\":\"https:\/\/hyseco.ch\/\"},{\"@type\":\"ListItem\",\"position\":2,\"name\":\"Referenzen \/ Zeugnisse\"}]},{\"@type\":\"WebSite\",\"@id\":\"https:\/\/hyseco.ch\/#website\",\"url\":\"https:\/\/hyseco.ch\/\",\"name\":\"Hyseco\",\"description\":\"Baignoire, douche, r\u00e9novation salle de bains\",\"potentialAction\":[{\"@type\":\"SearchAction\",\"target\":{\"@type\":\"EntryPoint\",\"urlTemplate\":\"https:\/\/hyseco.ch\/?s={search_term_string}\"},\"query-input\":\"required name=search_term_string\"}],\"inLanguage\":\"de\"}]}<\/script>\n<!-- \/ Yoast SEO plugin. -->","yoast_head_json":{"title":"Referenzen \/ Zeugnisse - Badt\u00fcren Schweiz","description":"Jedes Jahr vertrauen uns viele Privatkunden, Unternehmen sowie verschiedene Gesundheitsorganisationen, Ergotherapeuten, Physiotherapeuten usw.","robots":{"index":"index","follow":"follow","max-snippet":"max-snippet:-1","max-image-preview":"max-image-preview:large","max-video-preview":"max-video-preview:-1"},"canonical":"https:\/\/hyseco.ch\/de\/referenzen-zeugnisse\/","og_locale":"de_DE","og_type":"article","og_title":"Referenzen \/ Zeugnisse - Badt\u00fcren Schweiz","og_description":"Jedes Jahr vertrauen uns viele Privatkunden, Unternehmen sowie verschiedene Gesundheitsorganisationen, Ergotherapeuten, Physiotherapeuten usw.","og_url":"https:\/\/hyseco.ch\/de\/referenzen-zeugnisse\/","og_site_name":"Hyseco","article_modified_time":"2022-09-27T11:06:44+00:00","og_image":[{"url":"https:\/\/hyseco.ch\/wp-content\/uploads\/2018\/06\/logo1.jpg"}],"twitter_card":"summary_large_image","twitter_misc":{"Gesch\u00e4tzte Lesezeit":"4\u00a0Minuten"},"schema":{"@context":"https:\/\/schema.org","@graph":[{"@type":"WebPage","@id":"https:\/\/hyseco.ch\/de\/referenzen-zeugnisse\/","url":"https:\/\/hyseco.ch\/de\/referenzen-zeugnisse\/","name":"Referenzen \/ Zeugnisse - Badt\u00fcren Schweiz","isPartOf":{"@id":"https:\/\/hyseco.ch\/#website"},"datePublished":"2018-09-05T07:56:11+00:00","dateModified":"2022-09-27T11:06:44+00:00","description":"Jedes Jahr vertrauen uns viele Privatkunden, Unternehmen sowie verschiedene Gesundheitsorganisationen, Ergotherapeuten, Physiotherapeuten usw.","breadcrumb":{"@id":"https:\/\/hyseco.ch\/de\/referenzen-zeugnisse\/#breadcrumb"},"inLanguage":"de","potentialAction":[{"@type":"ReadAction","target":["https:\/\/hyseco.ch\/de\/referenzen-zeugnisse\/"]}]},{"@type":"BreadcrumbList","@id":"https:\/\/hyseco.ch\/de\/referenzen-zeugnisse\/#breadcrumb","itemListElement":[{"@type":"ListItem","position":1,"name":"Accueil","item":"https:\/\/hyseco.ch\/"},{"@type":"ListItem","position":2,"name":"Referenzen \/ Zeugnisse"}]},{"@type":"WebSite","@id":"https:\/\/hyseco.ch\/#website","url":"https:\/\/hyseco.ch\/","name":"Hyseco","description":"Baignoire, douche, r\u00e9novation salle de bains","potentialAction":[{"@type":"SearchAction","target":{"@type":"EntryPoint","urlTemplate":"https:\/\/hyseco.ch\/?s={search_term_string}"},"query-input":"required name=search_term_string"}],"inLanguage":"de"}]}},"_links":{"self":[{"href":"https:\/\/hyseco.ch\/de\/wp-json\/wp\/v2\/pages\/1630"}],"collection":[{"href":"https:\/\/hyseco.ch\/de\/wp-json\/wp\/v2\/pages"}],"about":[{"href":"https:\/\/hyseco.ch\/de\/wp-json\/wp\/v2\/types\/page"}],"author":[{"embeddable":true,"href":"https:\/\/hyseco.ch\/de\/wp-json\/wp\/v2\/users\/1"}],"replies":[{"embeddable":true,"href":"https:\/\/hyseco.ch\/de\/wp-json\/wp\/v2\/comments?post=1630"}],"version-history":[{"count":3,"href":"https:\/\/hyseco.ch\/de\/wp-json\/wp\/v2\/pages\/1630\/revisions"}],"predecessor-version":[{"id":51438,"href":"https:\/\/hyseco.ch\/de\/wp-json\/wp\/v2\/pages\/1630\/revisions\/51438"}],"wp:attachment":[{"href":"https:\/\/hyseco.ch\/de\/wp-json\/wp\/v2\/media?parent=1630"}],"curies":[{"name":"wp","href":"https:\/\/api.w.org\/{rel}","templated":true}]}}