{"id":1515,"date":"2018-09-05T08:49:15","date_gmt":"2018-09-05T06:49:15","guid":{"rendered":"https:\/\/hyseco.ch\/a-propos\/"},"modified":"2022-09-27T13:05:57","modified_gmt":"2022-09-27T11:05:57","slug":"a-propos","status":"publish","type":"page","link":"https:\/\/hyseco.ch\/de\/a-propos\/","title":{"rendered":"A propos"},"content":{"rendered":"<p>[et_pb_section fb_built=&#8220;1&#8243; fullwidth=&#8220;on&#8220; admin_label=&#8220;Section&#8220; _builder_version=&#8220;4.16&#8243; global_colors_info=&#8220;{}&#8220;][et_pb_fullwidth_slider admin_label=&#8220;Curseur de d\u00e9filement plein \u00e9cran&#8220; _builder_version=&#8220;4.16&#8243; custom_padding=&#8220;|||&#8220; custom_padding_tablet=&#8220;|||&#8220; custom_padding_phone=&#8220;|||&#8220; box_shadow_style=&#8220;preset6&#8243; box_shadow_blur=&#8220;10px&#8220; box_shadow_color=&#8220;rgba(0,0,0,0.1)&#8220; button_letter_spacing_hover=&#8220;0&#8243; remove_inner_shadow=&#8220;off&#8220; hide_content_on_mobile=&#8220;off&#8220; hide_cta_on_mobile=&#8220;off&#8220; show_inner_shadow=&#8220;on&#8220; global_colors_info=&#8220;{}&#8220; button_text_size__hover_enabled=&#8220;off&#8220; button_one_text_size__hover_enabled=&#8220;off&#8220; button_two_text_size__hover_enabled=&#8220;off&#8220; button_text_color__hover_enabled=&#8220;off&#8220; button_one_text_color__hover_enabled=&#8220;off&#8220; button_two_text_color__hover_enabled=&#8220;off&#8220; button_border_width__hover_enabled=&#8220;off&#8220; button_one_border_width__hover_enabled=&#8220;off&#8220; button_two_border_width__hover_enabled=&#8220;off&#8220; button_border_color__hover_enabled=&#8220;off&#8220; button_one_border_color__hover_enabled=&#8220;off&#8220; button_two_border_color__hover_enabled=&#8220;off&#8220; button_border_radius__hover_enabled=&#8220;off&#8220; button_one_border_radius__hover_enabled=&#8220;off&#8220; button_two_border_radius__hover_enabled=&#8220;off&#8220; button_letter_spacing__hover_enabled=&#8220;on&#8220; button_letter_spacing__hover=&#8220;0&#8243; button_one_letter_spacing__hover_enabled=&#8220;off&#8220; button_two_letter_spacing__hover_enabled=&#8220;off&#8220; button_bg_color__hover_enabled=&#8220;off&#8220; button_one_bg_color__hover_enabled=&#8220;off&#8220; button_two_bg_color__hover_enabled=&#8220;off&#8220;][et_pb_slide use_bg_overlay=&#8220;off&#8220; use_text_overlay=&#8220;off&#8220; _builder_version=&#8220;4.16&#8243; header_font=&#8220;||||&#8220; body_font=&#8220;||||&#8220; background_color=&#8220;#ffffff&#8220; background_image=&#8220;https:\/\/hyseco.ch\/wp-content\/uploads\/2017\/03\/stock-photo-age-vision-and-old-people-concept-close-up-of-senior-woman-face-and-eye-319607033-1.jpg&#8220; button_icon_placement=&#8220;right&#8220; button_on_hover=&#8220;on&#8220; global_colors_info=&#8220;{}&#8220; sticky_transition=&#8220;on&#8220; button_text_size__hover_enabled=&#8220;off&#8220; button_one_text_size__hover_enabled=&#8220;off&#8220; button_two_text_size__hover_enabled=&#8220;off&#8220; button_text_color__hover_enabled=&#8220;off&#8220; button_one_text_color__hover_enabled=&#8220;off&#8220; button_two_text_color__hover_enabled=&#8220;off&#8220; button_border_width__hover_enabled=&#8220;off&#8220; button_one_border_width__hover_enabled=&#8220;off&#8220; button_two_border_width__hover_enabled=&#8220;off&#8220; button_border_color__hover_enabled=&#8220;off&#8220; button_one_border_color__hover_enabled=&#8220;off&#8220; button_two_border_color__hover_enabled=&#8220;off&#8220; button_border_radius__hover_enabled=&#8220;off&#8220; button_one_border_radius__hover_enabled=&#8220;off&#8220; button_two_border_radius__hover_enabled=&#8220;off&#8220; button_letter_spacing__hover_enabled=&#8220;off&#8220; button_one_letter_spacing__hover_enabled=&#8220;off&#8220; button_two_letter_spacing__hover_enabled=&#8220;off&#8220; button_bg_color__hover_enabled=&#8220;off&#8220; button_one_bg_color__hover_enabled=&#8220;off&#8220; button_two_bg_color__hover_enabled=&#8220;off&#8220;] [\/et_pb_slide][\/et_pb_fullwidth_slider][\/et_pb_section][et_pb_section fb_built=&#8220;1&#8243; admin_label=&#8220;Section&#8220; _builder_version=&#8220;4.16&#8243; global_colors_info=&#8220;{}&#8220;][et_pb_row admin_label=&#8220;Ligne&#8220; _builder_version=&#8220;4.16&#8243; background_size=&#8220;initial&#8220; background_position=&#8220;top_left&#8220; background_repeat=&#8220;repeat&#8220; global_colors_info=&#8220;{}&#8220;][et_pb_column type=&#8220;4_4&#8243; _builder_version=&#8220;4.16&#8243; custom_padding=&#8220;|||&#8220; global_colors_info=&#8220;{}&#8220; custom_padding__hover=&#8220;|||&#8220;][et_pb_text admin_label=&#8220;Texte&#8220; _builder_version=&#8220;4.16&#8243; background_size=&#8220;initial&#8220; background_position=&#8220;top_left&#8220; background_repeat=&#8220;repeat&#8220; use_border_color=&#8220;off&#8220; border_color=&#8220;#ffffff&#8220; border_style=&#8220;solid&#8220; global_colors_info=&#8220;{}&#8220;]<\/p>\n<h1>Spezialist f\u00fcr die Anpassung des Badezimmers<\/h1>\n<p>Seit mehr als 10 Jahren arbeitet HYSECO mit Sitz in Bouveret in der Schweiz daran, Senioren und Pflegebed\u00fcrftigen nach einer Krankheit oder einem Unfall zu helfen.<\/p>\n<p>Unsere T\u00e4tigkeit besteht darin, Hygiene, Sicherheit und Komfort in das Badezimmer zu bringen, um die Autonomie der Menschen zu erhalten. Hyseco bietet eine breite Palette von Dienstleistungen f\u00fcr vollst\u00e4ndige Sicherheit.<\/p>\n<ul>\n<li>Vorhandene Badewannent\u00fcr<\/li>\n<li>Anti-Rutsch-Behandlungen f\u00fcr Badezimmer, Heim und professionelle R\u00e4ume<\/li>\n<li>Haltegriffe<\/li>\n<li>Sitze und Badebretter\u2026<\/li>\n<\/ul>\n<p>&nbsp;<\/p>\n<p><strong><a href=\"https:\/\/www.eda.admin.ch\/countries\/france\/fr\/home\/actualite\/agenda.html\/content\/countries\/france\/fr\/meta\/agenda\/2016\/prix-de-l_innovation-20160\" target=\"_blank\" rel=\"noopener noreferrer\">Wir wurden f\u00fcr den Innovationspreis 2016 nominiert <u>(Artikel auf der Website der Schweizerischen Eidgenossenschaft)<\/u><\/a><\/strong><br \/>\n[\/et_pb_text][\/et_pb_column][\/et_pb_row][\/et_pb_section][et_pb_section fb_built=&#8220;1&#8243; admin_label=&#8220;Section&#8220; _builder_version=&#8220;4.16&#8243; background_color=&#8220;#f9f9f9&#8243; transparent_background=&#8220;off&#8220; make_fullwidth=&#8220;off&#8220; use_custom_width=&#8220;off&#8220; width_unit=&#8220;on&#8220; global_colors_info=&#8220;{}&#8220;][et_pb_row admin_label=&#8220;row&#8220; _builder_version=&#8220;4.16&#8243; background_size=&#8220;initial&#8220; background_position=&#8220;top_left&#8220; background_repeat=&#8220;repeat&#8220; global_colors_info=&#8220;{}&#8220;][et_pb_column type=&#8220;4_4&#8243; _builder_version=&#8220;4.16&#8243; custom_padding=&#8220;|||&#8220; global_colors_info=&#8220;{}&#8220; custom_padding__hover=&#8220;|||&#8220;][et_pb_text admin_label=&#8220;Texte&#8220; _builder_version=&#8220;4.16&#8243; background_size=&#8220;initial&#8220; background_position=&#8220;top_left&#8220; background_repeat=&#8220;repeat&#8220; use_border_color=&#8220;off&#8220; border_color=&#8220;#ffffff&#8220; border_style=&#8220;solid&#8220; global_colors_info=&#8220;{}&#8220;]<\/p>\n<h3 style=\"text-align: center;\">Zufriedenheit ist wichtig!<\/h3>\n<p style=\"text-align: center;\"><strong><a class=\"bouton boutonrouge\" href=\"https:\/\/hyseco.ch\/de\/referenzen-zeugnisse\/\">Referenzen \/ Zeugnisse<\/a><\/strong><\/p>\n<p>[\/et_pb_text][\/et_pb_column][\/et_pb_row][\/et_pb_section][et_pb_section fb_built=&#8220;1&#8243; admin_label=&#8220;section&#8220; _builder_version=&#8220;4.16&#8243; global_colors_info=&#8220;{}&#8220;][et_pb_row admin_label=&#8220;row&#8220; _builder_version=&#8220;4.16&#8243; background_size=&#8220;initial&#8220; background_position=&#8220;top_left&#8220; background_repeat=&#8220;repeat&#8220; global_colors_info=&#8220;{}&#8220;][et_pb_column type=&#8220;4_4&#8243; _builder_version=&#8220;4.16&#8243; custom_padding=&#8220;|||&#8220; global_colors_info=&#8220;{}&#8220; custom_padding__hover=&#8220;|||&#8220;][et_pb_text admin_label=&#8220;Texte&#8220; _builder_version=&#8220;4.16&#8243; background_size=&#8220;initial&#8220; background_position=&#8220;top_left&#8220; background_repeat=&#8220;repeat&#8220; use_border_color=&#8220;off&#8220; border_color=&#8220;#ffffff&#8220; border_style=&#8220;solid&#8220; global_colors_info=&#8220;{}&#8220;]<\/p>\n<h2>Unser Team<\/h2>\n<p><strong>Wir achten besonders auf die menschlichen Beziehungen, die wir mit unseren Kunden, Partnern und Lieferanten haben.<\/strong><\/p>\n<p>Unsere Werte: Wohlwollen, Zuh\u00f6ren, Ehrlichkeit<\/p>\n<p><img decoding=\"async\" loading=\"lazy\" class=\"alignnone size-full wp-image-210\" src=\"https:\/\/hyseco.ch\/wp-content\/uploads\/2017\/03\/Presentation-fabrication-HYSECO.png\" alt=\"\" width=\"1500\" height=\"210\" srcset=\"https:\/\/hyseco.ch\/wp-content\/uploads\/2017\/03\/Presentation-fabrication-HYSECO.png 1500w, https:\/\/hyseco.ch\/wp-content\/uploads\/2017\/03\/Presentation-fabrication-HYSECO-300x42.png 300w, https:\/\/hyseco.ch\/wp-content\/uploads\/2017\/03\/Presentation-fabrication-HYSECO-768x108.png 768w, https:\/\/hyseco.ch\/wp-content\/uploads\/2017\/03\/Presentation-fabrication-HYSECO-1024x143.png 1024w, https:\/\/hyseco.ch\/wp-content\/uploads\/2017\/03\/Presentation-fabrication-HYSECO-1080x151.png 1080w\" sizes=\"(max-width: 1500px) 100vw, 1500px\" \/><\/p>\n<p>Dank seiner Professionalit\u00e4t, seiner Strenge und seiner Seriosit\u00e4t ist HYSECO auf die Bed\u00fcrfnisse jedes Einzelnen sehr stolz.<\/p>\n<p>Wir arbeiten mit verschiedenen Organisationen wie Gesundheit prescriber AI (Invalidenversicherung), CMS (Centre M\u00e9dico-Social) SAHB (Schweizerische Vereinigung Beratender Ressourcen Auxiliary), Immobilienagenturen, Hotels und zahlreichen Privatkunden.<\/p>\n<p>Z\u00f6gern Sie nicht, uns f\u00fcr jede Anfrage zu kontaktieren.<\/p>\n<p>&nbsp;<\/p>\n<h2>Einige Daten<\/h2>\n<p>[\/et_pb_text][et_pb_toggle title=&#8220;2005&#8243; open=&#8220;on&#8220; admin_label=&#8220;Bascule&#8220; _builder_version=&#8220;4.16&#8243; background_size=&#8220;initial&#8220; background_position=&#8220;top_left&#8220; background_repeat=&#8220;repeat&#8220; use_border_color=&#8220;off&#8220; border_color=&#8220;#ffffff&#8220; border_style=&#8220;solid&#8220; global_colors_info=&#8220;{}&#8220;]HYSECO integriert MENDABATH Weltmarktf\u00fchrer in Sanierung und Sanierung von Sanit\u00e4ranlagen in mehr als 20 L\u00e4ndern und wird exklusiver Vertriebspartner in der Schweiz.<br \/>\n[\/et_pb_toggle][et_pb_toggle title=&#8220;2010&#8243; open=&#8220;on&#8220; admin_label=&#8220;Bascule&#8220; _builder_version=&#8220;4.16&#8243; background_size=&#8220;initial&#8220; background_position=&#8220;top_left&#8220; background_repeat=&#8220;repeat&#8220; use_border_color=&#8220;off&#8220; border_color=&#8220;#ffffff&#8220; border_style=&#8220;solid&#8220; global_colors_info=&#8220;{}&#8220;]In Zusammenarbeit mit MAGICBAD, dem \u00f6sterreichischen Designer der Badt\u00fcr, \u00fcbernimmt HYSECO das Master-Franchise f\u00fcr die Westschweiz.<br \/>\n[\/et_pb_toggle][et_pb_toggle title=&#8220;2013&#8243; open=&#8220;on&#8220; admin_label=&#8220;Bascule&#8220; _builder_version=&#8220;4.16&#8243; background_size=&#8220;initial&#8220; background_position=&#8220;top_left&#8220; background_repeat=&#8220;repeat&#8220; use_border_color=&#8220;off&#8220; border_color=&#8220;#ffffff&#8220; border_style=&#8220;solid&#8220; global_colors_info=&#8220;{}&#8220;]HYSECO wird Schweizer Botschafter f\u00fcr NEOVIA, Europas f\u00fchrendes Unternehmen in der Anti-Rutsch-Behandlung von Badewannen, Duschen und Fu\u00dfb\u00f6den.<br \/>\n[\/et_pb_toggle][et_pb_toggle title=&#8220;2015&#8243; open=&#8220;on&#8220; admin_label=&#8220;Bascule&#8220; _builder_version=&#8220;4.16&#8243; background_size=&#8220;initial&#8220; background_position=&#8220;top_left&#8220; background_repeat=&#8220;repeat&#8220; use_border_color=&#8220;off&#8220; border_color=&#8220;#ffffff&#8220; border_style=&#8220;solid&#8220; global_colors_info=&#8220;{}&#8220;]HYSECO startet seine eigene Marke: OPTIMACONCEPT und wird der einzige HERSTELLER \/ INSTALLATEUR in der Schweiz von bestehenden Badt\u00fcren.<br \/>\n[\/et_pb_toggle][et_pb_toggle title=&#8220;2016&#8243; open=&#8220;on&#8220; admin_label=&#8220;Bascule&#8220; _builder_version=&#8220;4.16&#8243; background_size=&#8220;initial&#8220; background_position=&#8220;top_left&#8220; background_repeat=&#8220;repeat&#8220; use_border_color=&#8220;off&#8220; border_color=&#8220;#ffffff&#8220; border_style=&#8220;solid&#8220; global_colors_info=&#8220;{}&#8220;]Umzug im Kanton Wallis. Erweiterung unserer Fertigungswerkstatt und unserer B\u00fcros, um Sie besser bedienen zu k\u00f6nnen.<br \/>\n[\/et_pb_toggle][et_pb_toggle title=&#8220;2016&#8243; open=&#8220;on&#8220; admin_label=&#8220;Bascule&#8220; _builder_version=&#8220;4.16&#8243; background_size=&#8220;initial&#8220; background_position=&#8220;top_left&#8220; background_repeat=&#8220;repeat&#8220; use_border_color=&#8220;off&#8220; border_color=&#8220;#ffffff&#8220; border_style=&#8220;solid&#8220; global_colors_info=&#8220;{}&#8220;]<a href=\"https:\/\/www.eda.admin.ch\/countries\/france\/fr\/home\/actualite\/agenda.html\/content\/countries\/france\/fr\/meta\/agenda\/2016\/prix-de-l_innovation-20160\" target=\"_blank\" rel=\"noopener noreferrer\">Nominiert f\u00fcr den Innovationspreis 2016.<\/a><br \/>\n[\/et_pb_toggle][et_pb_toggle title=&#8220;2016&#8243; open=&#8220;on&#8220; admin_label=&#8220;Bascule&#8220; _builder_version=&#8220;4.16&#8243; background_size=&#8220;initial&#8220; background_position=&#8220;top_left&#8220; background_repeat=&#8220;repeat&#8220; use_border_color=&#8220;off&#8220; border_color=&#8220;#ffffff&#8220; border_style=&#8220;solid&#8220; global_colors_info=&#8220;{}&#8220;]CONFORTBAIN Produkte sind jetzt in Frankreich verf\u00fcgbar. Start der Website: <a href=\"http:\/\/www.confortbain.fr\/\" target=\"_blank\" rel=\"noopener noreferrer\">www.confortbain.fr<\/a>\u00a0und das Netzwerk von spezialisierten Agenten. Schweizer Qualit\u00e4t f\u00fcr alle verf\u00fcgbar.<br \/>\n[\/et_pb_toggle][et_pb_toggle title=&#8220;2017&#8243; open=&#8220;on&#8220; admin_label=&#8220;Bascule&#8220; _builder_version=&#8220;4.16&#8243; background_size=&#8220;initial&#8220; background_position=&#8220;top_left&#8220; background_repeat=&#8220;repeat&#8220; use_border_color=&#8220;off&#8220; border_color=&#8220;#ffffff&#8220; border_style=&#8220;solid&#8220; global_colors_info=&#8220;{}&#8220;]Launch unserer neuen Website und Blog \u00fcber Home Support.<br \/>\n[\/et_pb_toggle][\/et_pb_column][\/et_pb_row][\/et_pb_section]<\/p>\n","protected":false},"excerpt":{"rendered":"<p>Spezialist f\u00fcr die Anpassung des Badezimmers Seit mehr als 10 Jahren arbeitet HYSECO mit Sitz in Bouveret in der Schweiz daran, Senioren und Pflegebed\u00fcrftigen nach einer Krankheit oder einem Unfall zu helfen. Unsere T\u00e4tigkeit besteht darin, Hygiene, Sicherheit und Komfort in das Badezimmer zu bringen, um die Autonomie der Menschen zu erhalten. Hyseco bietet eine [&hellip;]<\/p>\n","protected":false},"author":1,"featured_media":0,"parent":0,"menu_order":0,"comment_status":"closed","ping_status":"closed","template":"","meta":{"_et_pb_use_builder":"on","_et_pb_old_content":"","_et_gb_content_width":""},"yoast_head":"<!-- This site is optimized with the Yoast SEO plugin v20.10 - https:\/\/yoast.com\/wordpress\/plugins\/seo\/ -->\n<title>Spezialist f\u00fcr die Anpassung des Badezimmers - Badewanne mit T\u00fcr, Duschbadewannen<\/title>\n<meta name=\"description\" content=\"Depuis plus de 10 ans, nous adaptons les salles de bain pour le maintien \u00e0 domicile. Porte pour baignoire, Transformation en douche... Demandez-nous conseil.\" \/>\n<meta name=\"robots\" content=\"index, follow, max-snippet:-1, max-image-preview:large, max-video-preview:-1\" \/>\n<link rel=\"canonical\" href=\"https:\/\/hyseco.ch\/de\/a-propos\/\" \/>\n<meta property=\"og:locale\" content=\"de_DE\" \/>\n<meta property=\"og:type\" content=\"article\" \/>\n<meta property=\"og:title\" content=\"Spezialist f\u00fcr die Anpassung des Badezimmers - Badewanne mit T\u00fcr, Duschbadewannen\" \/>\n<meta property=\"og:description\" content=\"Depuis plus de 10 ans, nous adaptons les salles de bain pour le maintien \u00e0 domicile. Porte pour baignoire, Transformation en douche... Demandez-nous conseil.\" \/>\n<meta property=\"og:url\" content=\"https:\/\/hyseco.ch\/de\/a-propos\/\" \/>\n<meta property=\"og:site_name\" content=\"Hyseco\" \/>\n<meta property=\"article:modified_time\" content=\"2022-09-27T11:05:57+00:00\" \/>\n<meta property=\"og:image\" content=\"https:\/\/hyseco.ch\/wp-content\/uploads\/2017\/03\/Presentation-fabrication-HYSECO.png\" \/>\n<meta name=\"twitter:card\" content=\"summary_large_image\" \/>\n<meta name=\"twitter:label1\" content=\"Gesch\u00e4tzte Lesezeit\" \/>\n\t<meta name=\"twitter:data1\" content=\"7\u00a0Minuten\" \/>\n<script type=\"application\/ld+json\" class=\"yoast-schema-graph\">{\"@context\":\"https:\/\/schema.org\",\"@graph\":[{\"@type\":\"WebPage\",\"@id\":\"https:\/\/hyseco.ch\/de\/a-propos\/\",\"url\":\"https:\/\/hyseco.ch\/de\/a-propos\/\",\"name\":\"Spezialist f\u00fcr die Anpassung des Badezimmers - Badewanne mit T\u00fcr, Duschbadewannen\",\"isPartOf\":{\"@id\":\"https:\/\/hyseco.ch\/#website\"},\"datePublished\":\"2018-09-05T06:49:15+00:00\",\"dateModified\":\"2022-09-27T11:05:57+00:00\",\"description\":\"Depuis plus de 10 ans, nous adaptons les salles de bain pour le maintien \u00e0 domicile. Porte pour baignoire, Transformation en douche... Demandez-nous conseil.\",\"breadcrumb\":{\"@id\":\"https:\/\/hyseco.ch\/de\/a-propos\/#breadcrumb\"},\"inLanguage\":\"de\",\"potentialAction\":[{\"@type\":\"ReadAction\",\"target\":[\"https:\/\/hyseco.ch\/de\/a-propos\/\"]}]},{\"@type\":\"BreadcrumbList\",\"@id\":\"https:\/\/hyseco.ch\/de\/a-propos\/#breadcrumb\",\"itemListElement\":[{\"@type\":\"ListItem\",\"position\":1,\"name\":\"Accueil\",\"item\":\"https:\/\/hyseco.ch\/\"},{\"@type\":\"ListItem\",\"position\":2,\"name\":\"A propos\"}]},{\"@type\":\"WebSite\",\"@id\":\"https:\/\/hyseco.ch\/#website\",\"url\":\"https:\/\/hyseco.ch\/\",\"name\":\"Hyseco\",\"description\":\"Baignoire, douche, r\u00e9novation salle de bains\",\"potentialAction\":[{\"@type\":\"SearchAction\",\"target\":{\"@type\":\"EntryPoint\",\"urlTemplate\":\"https:\/\/hyseco.ch\/?s={search_term_string}\"},\"query-input\":\"required name=search_term_string\"}],\"inLanguage\":\"de\"}]}<\/script>\n<!-- \/ Yoast SEO plugin. -->","yoast_head_json":{"title":"Spezialist f\u00fcr die Anpassung des Badezimmers - Badewanne mit T\u00fcr, Duschbadewannen","description":"Depuis plus de 10 ans, nous adaptons les salles de bain pour le maintien \u00e0 domicile. Porte pour baignoire, Transformation en douche... Demandez-nous conseil.","robots":{"index":"index","follow":"follow","max-snippet":"max-snippet:-1","max-image-preview":"max-image-preview:large","max-video-preview":"max-video-preview:-1"},"canonical":"https:\/\/hyseco.ch\/de\/a-propos\/","og_locale":"de_DE","og_type":"article","og_title":"Spezialist f\u00fcr die Anpassung des Badezimmers - Badewanne mit T\u00fcr, Duschbadewannen","og_description":"Depuis plus de 10 ans, nous adaptons les salles de bain pour le maintien \u00e0 domicile. Porte pour baignoire, Transformation en douche... Demandez-nous conseil.","og_url":"https:\/\/hyseco.ch\/de\/a-propos\/","og_site_name":"Hyseco","article_modified_time":"2022-09-27T11:05:57+00:00","og_image":[{"url":"https:\/\/hyseco.ch\/wp-content\/uploads\/2017\/03\/Presentation-fabrication-HYSECO.png"}],"twitter_card":"summary_large_image","twitter_misc":{"Gesch\u00e4tzte Lesezeit":"7\u00a0Minuten"},"schema":{"@context":"https:\/\/schema.org","@graph":[{"@type":"WebPage","@id":"https:\/\/hyseco.ch\/de\/a-propos\/","url":"https:\/\/hyseco.ch\/de\/a-propos\/","name":"Spezialist f\u00fcr die Anpassung des Badezimmers - Badewanne mit T\u00fcr, Duschbadewannen","isPartOf":{"@id":"https:\/\/hyseco.ch\/#website"},"datePublished":"2018-09-05T06:49:15+00:00","dateModified":"2022-09-27T11:05:57+00:00","description":"Depuis plus de 10 ans, nous adaptons les salles de bain pour le maintien \u00e0 domicile. Porte pour baignoire, Transformation en douche... Demandez-nous conseil.","breadcrumb":{"@id":"https:\/\/hyseco.ch\/de\/a-propos\/#breadcrumb"},"inLanguage":"de","potentialAction":[{"@type":"ReadAction","target":["https:\/\/hyseco.ch\/de\/a-propos\/"]}]},{"@type":"BreadcrumbList","@id":"https:\/\/hyseco.ch\/de\/a-propos\/#breadcrumb","itemListElement":[{"@type":"ListItem","position":1,"name":"Accueil","item":"https:\/\/hyseco.ch\/"},{"@type":"ListItem","position":2,"name":"A propos"}]},{"@type":"WebSite","@id":"https:\/\/hyseco.ch\/#website","url":"https:\/\/hyseco.ch\/","name":"Hyseco","description":"Baignoire, douche, r\u00e9novation salle de bains","potentialAction":[{"@type":"SearchAction","target":{"@type":"EntryPoint","urlTemplate":"https:\/\/hyseco.ch\/?s={search_term_string}"},"query-input":"required name=search_term_string"}],"inLanguage":"de"}]}},"_links":{"self":[{"href":"https:\/\/hyseco.ch\/de\/wp-json\/wp\/v2\/pages\/1515"}],"collection":[{"href":"https:\/\/hyseco.ch\/de\/wp-json\/wp\/v2\/pages"}],"about":[{"href":"https:\/\/hyseco.ch\/de\/wp-json\/wp\/v2\/types\/page"}],"author":[{"embeddable":true,"href":"https:\/\/hyseco.ch\/de\/wp-json\/wp\/v2\/users\/1"}],"replies":[{"embeddable":true,"href":"https:\/\/hyseco.ch\/de\/wp-json\/wp\/v2\/comments?post=1515"}],"version-history":[{"count":4,"href":"https:\/\/hyseco.ch\/de\/wp-json\/wp\/v2\/pages\/1515\/revisions"}],"predecessor-version":[{"id":51431,"href":"https:\/\/hyseco.ch\/de\/wp-json\/wp\/v2\/pages\/1515\/revisions\/51431"}],"wp:attachment":[{"href":"https:\/\/hyseco.ch\/de\/wp-json\/wp\/v2\/media?parent=1515"}],"curies":[{"name":"wp","href":"https:\/\/api.w.org\/{rel}","templated":true}]}}